{"id":891,"date":"2024-12-05T21:55:52","date_gmt":"2024-12-05T21:55:52","guid":{"rendered":"https:\/\/essoufflees.com\/?page_id=891"},"modified":"2025-03-03T17:44:22","modified_gmt":"2025-03-03T17:44:22","slug":"corpo-prive","status":"publish","type":"page","link":"https:\/\/essoufflees.com\/index.php\/corpo-prive\/","title":{"rendered":"Corpo &amp; priv\u00e9"},"content":{"rendered":"<p><!-- Google tag (gtag.js) --><br \/>\n<script async src=\"https:\/\/www.googletagmanager.com\/gtag\/js?id=AW-16886048696\"><\/script><br \/>\n<script><br \/>\n  window.dataLayer = window.dataLayer || [];<br \/>\n  function gtag(){dataLayer.push(arguments);}<br \/>\n  gtag('js', new Date());<\/p>\n<p>  gtag('config', 'AW-16886048696');<br \/>\n<\/script><\/p>\n\n\n<div class=\"wp-block-stackable-feature stk-block-feature stk-block stk-709ea9a is-style-default\" data-v=\"2\" data-block-id=\"709ea9a\"><style>.stk-709ea9a {--stk-feature-flex-wrap:nowrap !important;}<\/style><div class=\"stk-content-align stk-709ea9a-column stk-container stk-709ea9a-container stk--no-background stk--no-padding\"><div class=\"stk-inner-blocks stk-block-content stk-row\">\n<div class=\"wp-block-stackable-column stk-block-column stk-column stk-block stk-dff417e\" data-v=\"4\" data-block-id=\"dff417e\"><style>.stk-dff417e {align-self:center !important;}@media screen and (min-width:690px){.stk-dff417e {flex:var(--stk-flex-grow, 1) 1 calc(66.666% - var(--stk-column-gap, 0px) * 1 \/ 2 ) !important;}}<\/style><div class=\"stk-column-wrapper stk-block-column__content stk-container stk-dff417e-container stk--no-background stk--no-padding\"><div class=\"stk-block-content stk-inner-blocks stk-dff417e-inner-blocks\">\n<div class=\"wp-block-stackable-heading stk-block-heading stk-block-heading--v2 stk-block stk-aeafbff\" id=\"cours-corporatifs\" data-block-id=\"aeafbff\"><h2 class=\"stk-block-heading__text\">Cours corporatifs<\/h2><\/div>\n\n\n\n<div class=\"wp-block-stackable-text stk-block-text stk-block stk-459d295\" data-block-id=\"459d295\"><p class=\"stk-block-text__text\">Que ce soit pour d\u00e9marrer la journ\u00e9e du bon pied ou pour faire une pause bien m\u00e9rit\u00e9e, on vous propose de venir directement dans vos locaux pour offrir des cours de yoga, de barre au sol, ou une belle combinaison des deux !<\/p><\/div>\n\n\n\n<p>&#8221; Corinne offre un moment de bien-\u00eatre hebdomadaire \u00e0 l&#8217;\u00e9quipe KANVA depuis de nombreuses ann\u00e9es. Nous la recommandons sans h\u00e9sitation! &#8221; <\/p>\n\n\n\n<div class=\"wp-block-stackable-button-group stk-block-button-group stk-block stk-b1cfef9\" data-block-id=\"b1cfef9\"><div class=\"stk-row stk-inner-blocks stk-block-content stk-button-group\">\n<div class=\"wp-block-stackable-button stk-block-button stk-block stk-da3dfad\" data-block-id=\"da3dfad\"><a class=\"stk-link stk-button stk--hover-effect-darken\" href=\"https:\/\/essoufflees.com\/index.php\/contact\/\"><span class=\"stk-button__inner-text\">\u00c9crivez-nous<\/span><\/a><\/div>\n<\/div><\/div>\n<\/div><\/div><\/div>\n\n\n\n<div class=\"wp-block-stackable-column stk-block-column stk-column stk-block stk-f376499\" data-v=\"4\" data-block-id=\"f376499\"><style>.stk-f376499 {align-self:center !important;}@media screen and (min-width:690px){.stk-f376499 {flex:var(--stk-flex-grow, 1) 1 calc(33.33400000000002% - var(--stk-column-gap, 0px) * 1 \/ 2 ) !important;}}<\/style><div class=\"stk-column-wrapper stk-block-column__content stk-container stk-f376499-container stk--no-background stk--no-padding\"><div class=\"stk-block-content stk-inner-blocks stk-f376499-inner-blocks\">\n<div class=\"wp-block-stackable-image stk-block-image stk-block stk-f5e2629\" data-block-id=\"f5e2629\"><style>.stk-f5e2629 .stk-img-wrapper{width:94% !important;height:281px !important;}<\/style><figure><span class=\"stk-img-wrapper stk-image--shape-stretch\"><img loading=\"lazy\" decoding=\"async\" class=\"stk-img wp-image-892\" src=\"https:\/\/essoufflees.com\/wp-content\/uploads\/2024\/12\/98F94AC0-1A64-4C99-87A8-75613C170854_1_105_c.jpeg\" width=\"1024\" height=\"768\" srcset=\"https:\/\/essoufflees.com\/wp-content\/uploads\/2024\/12\/98F94AC0-1A64-4C99-87A8-75613C170854_1_105_c.jpeg 1024w, https:\/\/essoufflees.com\/wp-content\/uploads\/2024\/12\/98F94AC0-1A64-4C99-87A8-75613C170854_1_105_c-300x225.jpeg 300w, https:\/\/essoufflees.com\/wp-content\/uploads\/2024\/12\/98F94AC0-1A64-4C99-87A8-75613C170854_1_105_c-768x576.jpeg 768w\" sizes=\"auto, (max-width: 1024px) 100vw, 1024px\" \/><\/span><\/figure><\/div>\n<\/div><\/div><\/div>\n<\/div><\/div><\/div>\n\n\n\n<div class=\"wp-block-stackable-testimonial stk-block-testimonial stk-block stk-1f76672 is-style-compact\" data-v=\"2\" data-block-id=\"1f76672\"><div class=\"stk-block-testimonial__content stk-content-align stk-1f76672-column stk-container stk-1f76672-container stk--no-background stk--no-padding\"><div class=\"stk-block-content stk-inner-blocks stk-1f76672-inner-blocks\">\n<div class=\"wp-block-stackable-divider stk-block-divider stk-block stk-b3c5339\" data-block-id=\"b3c5339\"><style>.stk-b3c5339 hr.stk-block-divider__hr{background:var(--theme-palette-color-1, #ee4d3f) !important;height:4px !important;width:10% !important;}<\/style><hr class=\"stk-block-divider__hr\"\/><\/div>\n<\/div><\/div><\/div>\n\n\n\n<div class=\"wp-block-stackable-feature stk-block-feature stk-block stk-48d1c60 is-style-default\" data-v=\"2\" data-block-id=\"48d1c60\"><style>.stk-48d1c60 {--stk-feature-flex-wrap:nowrap !important;}<\/style><div class=\"stk-content-align stk-48d1c60-column stk-container stk-48d1c60-container stk--no-background stk--no-padding\"><div class=\"stk-inner-blocks stk-block-content stk-row\">\n<div class=\"wp-block-stackable-column stk-block-column stk-column stk-block stk-3607c8a\" data-v=\"4\" data-block-id=\"3607c8a\"><style>.stk-3607c8a {align-self:center !important;}@media screen and (min-width:690px){.stk-3607c8a {flex:var(--stk-flex-grow, 1) 1 calc(66.667% - var(--stk-column-gap, 0px) * 1 \/ 2 ) !important;}}<\/style><div class=\"stk-column-wrapper stk-block-column__content stk-container stk-3607c8a-container stk--no-background stk--no-padding\"><div class=\"stk-block-content stk-inner-blocks stk-3607c8a-inner-blocks\">\n<div class=\"wp-block-stackable-heading stk-block-heading stk-block-heading--v2 stk-block stk-c82620f\" id=\"cours-prives\" data-block-id=\"c82620f\"><h2 class=\"stk-block-heading__text\">Cours priv\u00e9s<\/h2><\/div>\n\n\n\n<div class=\"wp-block-stackable-text stk-block-text stk-block stk-34a45e4\" data-block-id=\"34a45e4\"><p class=\"stk-block-text__text\">Cette option est id\u00e9ale si l&#8217;horaire des <span style=\"color: var(--theme-palette-color-1, #ee4d3f);\" class=\"stk-highlight\"><strong>Essouffl\u00e9.e.s<\/strong><\/span> ne vous convient pas, ou si vous recherchez une attention personnalis\u00e9e et sur-mesure. Vous pouvez b\u00e9n\u00e9ficier d&#8217;un cours adapt\u00e9 \u00e0 vos besoins, approfondir votre pratique avec des conseils sp\u00e9cifiques, ou simplement parce que vous en avez envie ! Nous sommes disponibles, il suffit de nous \u00e9crire.<\/p><\/div>\n\n\n\n<div class=\"wp-block-stackable-button-group stk-block-button-group stk-block stk-82f9f0c\" data-block-id=\"82f9f0c\"><div class=\"stk-row stk-inner-blocks stk-block-content stk-button-group\">\n<div class=\"wp-block-stackable-button stk-block-button stk-block stk-0e5f94e\" data-block-id=\"0e5f94e\"><a class=\"stk-link stk-button stk--hover-effect-darken\" href=\"https:\/\/essoufflees.com\/index.php\/contact\/\"><span class=\"stk-button__inner-text\">\u00c9crivez-nous<\/span><\/a><\/div>\n<\/div><\/div>\n<\/div><\/div><\/div>\n\n\n\n<div class=\"wp-block-stackable-column stk-block-column stk-column stk-block stk-6533bb7\" data-v=\"4\" data-block-id=\"6533bb7\"><style>.stk-6533bb7 {align-self:center !important;}@media screen and (min-width:690px){.stk-6533bb7 {flex:var(--stk-flex-grow, 1) 1 calc(33.333% - var(--stk-column-gap, 0px) * 1 \/ 2 ) !important;}}<\/style><div class=\"stk-column-wrapper stk-block-column__content stk-container stk-6533bb7-container stk--no-background stk--no-padding\"><div class=\"stk-block-content stk-inner-blocks stk-6533bb7-inner-blocks\">\n<div class=\"wp-block-stackable-image stk-block-image stk-block stk-dc9038a\" data-block-id=\"dc9038a\"><style>.stk-dc9038a .stk-img-wrapper{width:94% !important;height:281px !important;}<\/style><figure><span class=\"stk-img-wrapper stk-image--shape-stretch\"><img loading=\"lazy\" decoding=\"async\" class=\"stk-img wp-image-893\" src=\"https:\/\/essoufflees.com\/wp-content\/uploads\/2024\/12\/DC2A10DE-F37C-4491-9CAD-3D2B7699A539_1_105_c.jpeg\" width=\"768\" height=\"1024\" srcset=\"https:\/\/essoufflees.com\/wp-content\/uploads\/2024\/12\/DC2A10DE-F37C-4491-9CAD-3D2B7699A539_1_105_c.jpeg 768w, https:\/\/essoufflees.com\/wp-content\/uploads\/2024\/12\/DC2A10DE-F37C-4491-9CAD-3D2B7699A539_1_105_c-225x300.jpeg 225w\" sizes=\"auto, (max-width: 768px) 100vw, 768px\" \/><\/span><\/figure><\/div>\n<\/div><\/div><\/div>\n<\/div><\/div><\/div>\n\n\n\n<p><\/p>\n","protected":false},"excerpt":{"rendered":"<p>Cours corporatifs Que ce soit pour d\u00e9marrer la journ\u00e9e du bon pied ou pour faire une pause bien m\u00e9rit\u00e9e, on vous propose de venir directement dans vos locaux pour offrir des cours de yoga, de barre au sol, ou une belle combinaison des deux ! &#8221; Corinne offre un moment de bien-\u00eatre hebdomadaire \u00e0 l&#8217;\u00e9quipe [&hellip;]<\/p>\n","protected":false},"author":1,"featured_media":0,"parent":0,"menu_order":4,"comment_status":"closed","ping_status":"closed","template":"","meta":{"footnotes":""},"class_list":["post-891","page","type-page","status-publish","hentry"],"blocksy_meta":[],"_links":{"self":[{"href":"https:\/\/essoufflees.com\/index.php\/wp-json\/wp\/v2\/pages\/891","targetHints":{"allow":["GET"]}}],"collection":[{"href":"https:\/\/essoufflees.com\/index.php\/wp-json\/wp\/v2\/pages"}],"about":[{"href":"https:\/\/essoufflees.com\/index.php\/wp-json\/wp\/v2\/types\/page"}],"author":[{"embeddable":true,"href":"https:\/\/essoufflees.com\/index.php\/wp-json\/wp\/v2\/users\/1"}],"replies":[{"embeddable":true,"href":"https:\/\/essoufflees.com\/index.php\/wp-json\/wp\/v2\/comments?post=891"}],"version-history":[{"count":21,"href":"https:\/\/essoufflees.com\/index.php\/wp-json\/wp\/v2\/pages\/891\/revisions"}],"predecessor-version":[{"id":1060,"href":"https:\/\/essoufflees.com\/index.php\/wp-json\/wp\/v2\/pages\/891\/revisions\/1060"}],"wp:attachment":[{"href":"https:\/\/essoufflees.com\/index.php\/wp-json\/wp\/v2\/media?parent=891"}],"curies":[{"name":"wp","href":"https:\/\/api.w.org\/{rel}","templated":true}]}}